{"id":255904,"date":"2025-11-19T13:10:02","date_gmt":"2025-11-19T13:10:02","guid":{"rendered":"https:\/\/onlyplants.eu\/product\/zamioculcas-zamiifolia-raven-l\/"},"modified":"2026-02-13T15:07:08","modified_gmt":"2026-02-13T15:07:08","slug":"zamioculcas-zamiifolia-raven-l","status":"publish","type":"product","link":"https:\/\/onlyplants.eu\/it\/prodotto\/zamioculcas-zamiifolia-raven-l\/","title":{"rendered":"Zamioculcas zamiifolia &#8216;Raven&#8217; (L)"},"content":{"rendered":"<p>[et_pb_section fb_built=&#8221;1&#8243; _builder_version=&#8221;4.16&#8243; custom_padding=&#8221;0px||||false|false&#8221; global_colors_info=&#8221;{}&#8221;][et_pb_row _builder_version=&#8221;4.16&#8243; background_size=&#8221;initial&#8221; background_position=&#8221;top_left&#8221; background_repeat=&#8221;repeat&#8221; width=&#8221;100%&#8221; custom_padding=&#8221;0px||0px||false|false&#8221; global_colors_info=&#8221;{}&#8221;][et_pb_column type=&#8221;4_4&#8243; _builder_version=&#8221;4.16&#8243; custom_padding=&#8221;|||&#8221; global_colors_info=&#8221;{}&#8221; custom_padding__hover=&#8221;|||&#8221;][et_pb_wc_breadcrumb _builder_version=&#8221;4.16&#8243; global_colors_info=&#8221;{}&#8221;][\/et_pb_wc_breadcrumb][et_pb_wc_cart_notice admin_label=&#8221;Woo Notice&#8221; _builder_version=&#8221;4.16&#8243; global_colors_info=&#8221;{}&#8221;][\/et_pb_wc_cart_notice][\/et_pb_column][\/et_pb_row][et_pb_row column_structure=&#8221;1_2,1_2&#8243; _builder_version=&#8221;4.16&#8243; background_size=&#8221;initial&#8221; background_position=&#8221;top_left&#8221; background_repeat=&#8221;repeat&#8221; width=&#8221;100%&#8221; custom_padding=&#8221;0px||||false|false&#8221; global_colors_info=&#8221;{}&#8221;][et_pb_column type=&#8221;1_2&#8243; _builder_version=&#8221;4.16&#8243; custom_padding=&#8221;|||&#8221; global_colors_info=&#8221;{}&#8221; custom_padding__hover=&#8221;|||&#8221;][et_pb_wc_images _builder_version=&#8221;4.16&#8243; global_colors_info=&#8221;{}&#8221;][\/et_pb_wc_images][\/et_pb_column][et_pb_column type=&#8221;1_2&#8243; _builder_version=&#8221;4.16&#8243; custom_padding=&#8221;|||&#8221; global_colors_info=&#8221;{}&#8221; custom_padding__hover=&#8221;|||&#8221;][et_pb_wc_title _builder_version=&#8221;4.16&#8243; global_colors_info=&#8221;{}&#8221;][\/et_pb_wc_title][et_pb_wc_rating _builder_version=&#8221;4.16&#8243; global_colors_info=&#8221;{}&#8221;][\/et_pb_wc_rating][et_pb_wc_price _builder_version=&#8221;4.16&#8243; global_colors_info=&#8221;{}&#8221;][\/et_pb_wc_price][et_pb_wc_description _builder_version=&#8221;4.16&#8243; global_colors_info=&#8221;{}&#8221;][\/et_pb_wc_description][et_pb_wc_add_to_cart _builder_version=&#8221;4.16&#8243; global_colors_info=&#8221;{}&#8221;][\/et_pb_wc_add_to_cart][et_pb_wc_meta _builder_version=&#8221;4.16&#8243; global_colors_info=&#8221;{}&#8221;][\/et_pb_wc_meta][\/et_pb_column][\/et_pb_row][et_pb_row _builder_version=&#8221;4.16&#8243; background_size=&#8221;initial&#8221; background_position=&#8221;top_left&#8221; background_repeat=&#8221;repeat&#8221; width=&#8221;100%&#8221; global_colors_info=&#8221;{}&#8221;][et_pb_column type=&#8221;4_4&#8243; _builder_version=&#8221;4.16&#8243; custom_padding=&#8221;|||&#8221; global_colors_info=&#8221;{}&#8221; custom_padding__hover=&#8221;|||&#8221;][et_pb_wc_tabs _builder_version=&#8221;4.16&#8243; global_colors_info=&#8221;{}&#8221;] [\/et_pb_wc_tabs][et_pb_wc_upsells _builder_version=&#8221;4.16&#8243; global_colors_info=&#8221;{}&#8221;][\/et_pb_wc_upsells][et_pb_wc_related_products _builder_version=&#8221;4.16&#8243; global_colors_info=&#8221;{}&#8221;][\/et_pb_wc_related_products][\/et_pb_column][\/et_pb_row][\/et_pb_section]<\/p>","protected":false},"excerpt":{"rendered":"<h1>Zamioculcas Zamiifolia<\/h1>\n<p>Neuni\u010dljiva ZZ je rastlina, ki bo uspevala v skoraj vseh pogojih. Navajena je tudi su\u0161nih obdobij in sen\u010dne lege. Skoraj bi lahko rekli, da u\u017eiva v zanemarjanju, saj se ne bo prito\u017eevala, \u010de jo pozabimo zaliti ali \u010de ne dobi dovolj svetlobe. Je super rastlina za za\u010detnike ali tiste, ki ne u\u017eivajo v zalivanju in negovanju rastlin, vendar si vseeno \u017eelite veliko skoraj \u010drno rastlino.<\/p>\n<p>Premer lonca:<strong> 17 cm<\/strong><\/p>\n<p>Vi\u0161ina rastline z loncem: <strong>65 cm<\/strong><\/p>\n<p>Ve\u010d o negi\u00a0 Zamioculcas zamiifolia si preberite spodaj.<\/p>","protected":false},"featured_media":255902,"comment_status":"closed","ping_status":"closed","template":"","meta":{"_et_pb_use_builder":"on","_et_pb_old_content":"<h3>Nega Zamioculcas Zamiifolia<\/h3>\r\n<strong>Izbira prostora<\/strong>\r\n\r\nOdli\u010dna izbira za pisarne, saj odli\u010dno pre\u010di\u0161\u010duje zrak in ne bo zamerila, \u010de je med dopustom ne zalijete. Prakti\u010do ni prostora v katerem ne bi uspevala, dokler ima prostor vsaj en vir svetlobe.\r\n\r\n<strong>Svetloba<\/strong>\r\n\r\nPrimerna je za najtemnej\u0161e prostore, ki imajo vsaj kak\u0161en vir svetlobe. Uspeva v sen\u010dnih in son\u010dnih legah z direktno svetlobo, kjer raste veliko hitreje.\r\n\r\n<strong>Zra\u010dna vla\u017enosti<\/strong>\r\n\r\nUspeva v povpre\u010dni zra\u010dni vla\u017enosti.\r\n\r\n<strong>Zemlja in zalivanje <\/strong>\r\n\r\nPogostost zalivanja je odvisna od okoljskih dejavnikov, kot je svetloba, temperatura in vla\u017enost zraka, itd. Rastline ne zalijte, dokler se zemlja ne izsu\u0161i. Na\u010deloma bo v poletnem \u010dasu rastlino protrebno zalivati vsaj \u0161e 1x ve\u010d, kot v zimskem \u010dasu. Potrebuje zra\u010dno zemljo in dobro odcedno zemljo. Rastlina bo hvale\u017ena, \u010de jo zalijemo, ko se zgornji sloj zemlje osu\u0161i. Izognimo se prekomernem zalivanju, ki lahko povzro\u010di gnitje korenin. Na\u010deloma je ta rastlina navajena su\u0161nih obdobij ;)\r\n\r\n\u0160e nima\u0161 zemlje? <a href=\"https:\/\/onlyplants.si\/product\/zemlja-za-sobne-rastline\/\">Me\u0161anica zemlje za sobne rastline<\/a> je najbolj primerna za to rastlino!\r\n\r\nPreberi kratek a informativen prispevek:<a href=\"https:\/\/onlyplants.si\/vse-o-zalivanju-sobnih-rastlin\/\"> Vse o zalivanju sobnih rastlin<\/a>\r\n\r\n<strong>Gnojenje<\/strong>\r\n\r\nCrassula ne potrebuje veliko gnojenja. Ker s sinteti\u010dnimi gnojili hitro po\u0161kodujemo njene korenine, vam predlagam naravno gnojilo <a href=\"https:\/\/onlyplants.si\/big-plant\/\">Big plant <\/a>ali <a href=\"https:\/\/onlyplants.si\/big-start\/\">Big Start<\/a>, ki bo rastlini povi\u0161al odpornost in rast.\r\n\r\n<strong>Toksi\u010dnost<\/strong>\r\n\r\nJe toksi\u010dna.\r\n\r\n<strong>Opozorilo!<\/strong> Slike so simboli\u010dne. Najverjetneje ne boste prejeli ravno te rastline, ki jih vidite na fotografijah. Ker so rastline unikatna naravna bitja lahko pri\u010dakujete tudi odstopanja pri velikosti rastline, velikosti in koli\u010dini listov na posamezni rastlini in manj\u0161a odstopanja glede odtenka rastline.\r\n\r\nNi primerno za u\u017eivanje!\r\n\r\n&nbsp;\r\n\r\n&nbsp;","_et_gb_content_width":""},"product_brand":[],"product_cat":[427,415,416,417,418,419,453,420,428,422,454,219,225,224,215,226,223,220,227,216],"product_tag":[288,36,153,27,28,29,289,290,291,292,293],"class_list":{"0":"post-255904","1":"product","2":"type-product","3":"status-publish","4":"has-post-thumbnail","6":"product_cat-neunicljive-rastline","7":"product_cat-rastline-za-dnevno-sobo","8":"product_cat-rastline-za-kopalnico","9":"product_cat-rastline-za-otrosko-sobo","10":"product_cat-rastline-za-pisarno","11":"product_cat-rastline-za-spalnico","12":"product_cat-za-temnejse-prostore","13":"product_cat-rastline-ki-ciscijo-zrak","14":"product_cat-redke-rastline","15":"product_cat-rastline","16":"product_cat-velike-rastline","17":"product_cat-air-purifying-plants","18":"product_cat-bathroom-plants","19":"product_cat-bedroom-plants","20":"product_cat-houseplants","21":"product_cat-kids-room","22":"product_cat-livingroom-plants","23":"product_cat-low-light-plants","24":"product_cat-office-plants","25":"product_cat-rare-plants","26":"product_tag-crna-zamija","27":"product_tag-neunicljive-rastline","28":"product_tag-rastline-za-temne-prostore","29":"product_tag-sobne-rastline","30":"product_tag-sobne-rastline-nakup","31":"product_tag-spletna-cvetlicarna","32":"product_tag-zamia-raven","33":"product_tag-zamioculcas","34":"product_tag-zamioculcas-zamiifolia-raven","35":"product_tag-zz-plant","36":"product_tag-zz-rastline","38":"first","39":"outofstock","40":"taxable","41":"shipping-taxable","42":"purchasable","43":"product-type-simple"},"jetpack_sharing_enabled":true,"_links":{"self":[{"href":"https:\/\/onlyplants.eu\/it\/wp-json\/wp\/v2\/product\/255904","targetHints":{"allow":["GET"]}}],"collection":[{"href":"https:\/\/onlyplants.eu\/it\/wp-json\/wp\/v2\/product"}],"about":[{"href":"https:\/\/onlyplants.eu\/it\/wp-json\/wp\/v2\/types\/product"}],"replies":[{"embeddable":true,"href":"https:\/\/onlyplants.eu\/it\/wp-json\/wp\/v2\/comments?post=255904"}],"wp:featuredmedia":[{"embeddable":true,"href":"https:\/\/onlyplants.eu\/it\/wp-json\/wp\/v2\/media\/255902"}],"wp:attachment":[{"href":"https:\/\/onlyplants.eu\/it\/wp-json\/wp\/v2\/media?parent=255904"}],"wp:term":[{"taxonomy":"product_brand","embeddable":true,"href":"https:\/\/onlyplants.eu\/it\/wp-json\/wp\/v2\/product_brand?post=255904"},{"taxonomy":"product_cat","embeddable":true,"href":"https:\/\/onlyplants.eu\/it\/wp-json\/wp\/v2\/product_cat?post=255904"},{"taxonomy":"product_tag","embeddable":true,"href":"https:\/\/onlyplants.eu\/it\/wp-json\/wp\/v2\/product_tag?post=255904"}],"curies":[{"name":"wp","href":"https:\/\/api.w.org\/{rel}","templated":true}]}}