{"id":255267,"date":"2025-10-13T14:16:53","date_gmt":"2025-10-13T14:16:53","guid":{"rendered":"https:\/\/onlyplants.eu\/product\/alocasia-polly-variegata-s\/"},"modified":"2026-04-13T17:20:20","modified_gmt":"2026-04-13T17:20:20","slug":"alocasia-polly-variegata-baby","status":"publish","type":"product","link":"https:\/\/onlyplants.eu\/it\/prodotto\/alocasia-polly-variegata-baby\/","title":{"rendered":"Alocasia Polly Variegata (baby)"},"content":{"rendered":"<p>[et_pb_section fb_built=&#8221;1&#8243; _builder_version=&#8221;4.16&#8243; custom_padding=&#8221;0px||||false|false&#8221; global_colors_info=&#8221;{}&#8221;][et_pb_row _builder_version=&#8221;4.16&#8243; background_size=&#8221;initial&#8221; background_position=&#8221;top_left&#8221; background_repeat=&#8221;repeat&#8221; width=&#8221;100%&#8221; custom_padding=&#8221;0px||0px||false|false&#8221; global_colors_info=&#8221;{}&#8221;][et_pb_column type=&#8221;4_4&#8243; _builder_version=&#8221;4.16&#8243; custom_padding=&#8221;|||&#8221; global_colors_info=&#8221;{}&#8221; custom_padding__hover=&#8221;|||&#8221;][et_pb_wc_breadcrumb _builder_version=&#8221;4.16&#8243; global_colors_info=&#8221;{}&#8221;][\/et_pb_wc_breadcrumb][et_pb_wc_cart_notice _builder_version=&#8221;4.16&#8243; global_colors_info=&#8221;{}&#8221;][\/et_pb_wc_cart_notice][\/et_pb_column][\/et_pb_row][et_pb_row column_structure=&#8221;1_2,1_2&#8243; _builder_version=&#8221;4.16&#8243; background_size=&#8221;initial&#8221; background_position=&#8221;top_left&#8221; background_repeat=&#8221;repeat&#8221; width=&#8221;100%&#8221; custom_padding=&#8221;0px||||false|false&#8221; global_colors_info=&#8221;{}&#8221;][et_pb_column type=&#8221;1_2&#8243; _builder_version=&#8221;4.16&#8243; custom_padding=&#8221;|||&#8221; global_colors_info=&#8221;{}&#8221; custom_padding__hover=&#8221;|||&#8221;][et_pb_wc_images _builder_version=&#8221;4.16&#8243; global_colors_info=&#8221;{}&#8221;][\/et_pb_wc_images][\/et_pb_column][et_pb_column type=&#8221;1_2&#8243; _builder_version=&#8221;4.16&#8243; custom_padding=&#8221;|||&#8221; global_colors_info=&#8221;{}&#8221; custom_padding__hover=&#8221;|||&#8221;][et_pb_wc_title _builder_version=&#8221;4.16&#8243; global_colors_info=&#8221;{}&#8221;][\/et_pb_wc_title][et_pb_wc_rating _builder_version=&#8221;4.16&#8243; global_colors_info=&#8221;{}&#8221;][\/et_pb_wc_rating][et_pb_wc_price _builder_version=&#8221;4.16&#8243; global_colors_info=&#8221;{}&#8221;][\/et_pb_wc_price][et_pb_wc_description _builder_version=&#8221;4.16&#8243; global_colors_info=&#8221;{}&#8221;][\/et_pb_wc_description][et_pb_wc_add_to_cart _builder_version=&#8221;4.16&#8243; global_colors_info=&#8221;{}&#8221;][\/et_pb_wc_add_to_cart][et_pb_wc_meta _builder_version=&#8221;4.16&#8243; global_colors_info=&#8221;{}&#8221;][\/et_pb_wc_meta][\/et_pb_column][\/et_pb_row][et_pb_row _builder_version=&#8221;4.16&#8243; background_size=&#8221;initial&#8221; background_position=&#8221;top_left&#8221; background_repeat=&#8221;repeat&#8221; width=&#8221;100%&#8221; global_colors_info=&#8221;{}&#8221;][et_pb_column type=&#8221;4_4&#8243; _builder_version=&#8221;4.16&#8243; custom_padding=&#8221;|||&#8221; global_colors_info=&#8221;{}&#8221; custom_padding__hover=&#8221;|||&#8221;][et_pb_wc_tabs _builder_version=&#8221;4.16&#8243; global_colors_info=&#8221;{}&#8221;] [\/et_pb_wc_tabs][et_pb_wc_upsells _builder_version=&#8221;4.16&#8243; global_colors_info=&#8221;{}&#8221;][\/et_pb_wc_upsells][et_pb_wc_related_products admin_label=&#8221;Woo Related Products&#8221; _builder_version=&#8221;4.16&#8243; global_colors_info=&#8221;{}&#8221;][\/et_pb_wc_related_products][\/et_pb_column][\/et_pb_row][\/et_pb_section]<\/p>","protected":false},"excerpt":{"rendered":"<p>Alocasia Polly Variegata je ena od najredkej\u0161ihrastlin v na\u0161i ponudbi. Njeni listi imajo zna\u010dilno aroidno &#8211; suli\u010dasto obliko. Variegirano razli\u010dico krasijo \u0161e neenakomerno razporejeni beli obavrani vzorci. Ker so zanje strani listov rahlo rde\u010dkaste, \u010dez belino proseva roza ten.Ta tropska lepotica uspeva v svetlem prostoru z indirektno svetlobo, saj premo\u010dno sonce lahko po\u0161koduje ob\u010dutljive liste. Potrebuje dobro odcedno, rahlo vla\u017eno zemljo in visoko zra\u010dno vlago. Priporo\u010dljivo je redno rosenje ali uporaba vla\u017eilnika zraka, da ohranimo optimalne pogoje za rast.<\/p>\n<p>Na voljo samo ta rastlina na fotografiji.<\/p>\n<p>&nbsp;<\/p>\n<p>Presadi v:\u00a0<a href=\"https:\/\/onlyplants.si\/product\/mesanica-zemlje-tropical-za-tropske-rastline-3l-ali-10-l\/\">Me\u0161anica zemlje Tropical<\/a><\/p>\n<p>&nbsp;<\/p>\n<p>Premer lon\u010dka:<strong> 8 cm<\/strong><br \/>\nvi\u0161ina rastline: <strong>15<\/strong><strong> cm<\/strong><\/p>\n<p>Ve\u010d o negi Alocasie\u00a0 variegata si preberi spodaj.<\/p>","protected":false},"featured_media":255264,"comment_status":"closed","ping_status":"closed","template":"","meta":{"_et_pb_use_builder":"on","_et_pb_old_content":"<h3>Nega Alocasie Polly Variegata<\/h3>\r\n&nbsp;\r\n\r\n<strong>Izbira prostora<\/strong>\r\n\r\nZagotovo se bo odli\u010dno po\u010dutila v terariju, svetli kopalnici ali v dru\u017ebi ostalih tropskih rastlin.\r\n\r\n&nbsp;\r\n\r\n<strong>Svetloba<\/strong>\r\n\r\nNajbolje uspeva v svetlem prostoru z malo direktne son\u010dne svetlobe ali pod lu\u010dko za rast rastlin.\r\n\r\n&nbsp;\r\n\r\n<strong>Zra\u010dna vla\u017enosti<\/strong>\r\n\r\nHvale\u017ena bo v prostoru z malo vi\u0161jo zra\u010dno vla\u017enostjo: nad 50%\r\n\r\n&nbsp;\r\n\r\n<strong>Zemlja in zalivanje <\/strong>\r\n\r\nPotrebuje zra\u010dno zemljo in dobro odcedno zemljo. Rastlina bo hvale\u017ena, \u010de jo zalijemo, ko se zgornji sloj zemlje osu\u0161i, vendar se nikoli ne sme popolnoma posu\u0161iti, saj ne prena\u0161a su\u0161e. Izognimo se prekomernem zalivanju, ki lahko povzro\u010di gnitje korenin. Kako pogosto jo zalijemo je odvisno od koli\u010dine vode, ki jo prejme, zra\u010dnosti zemlje, temperature zraka in hitrosti rastli.\r\n\r\n\u0160e nima\u0161 zemlje? <a href=\"https:\/\/onlyplants.si\/product\/mesanica-zemlje-tropical-za-tropske-rastline-3l-ali-10-l\/\">Me\u0161anica zemlje Tropical<\/a>\u00a0je najbolj primerna za to rastlino!\r\n\r\n&nbsp;\r\n\r\n<strong>Toksi\u010dnost<\/strong>\r\n\r\nJe toksi\u010dna ob zau\u017eitju.\r\n\r\n&nbsp;\r\n\r\n<strong>Opozorilo!<\/strong> Slike so simboli\u010dne. Najverjetneje ne boste prejeli ravno te rastline, ki jih vidite na fotografijah. Ker so rastline unikatna naravna bitja lahko pri\u010dakujete tudi odstopanja pri velikosti rastline, velikosti in koli\u010dini listov na posamezni rastlini in manj\u0161a odstopanja glede odtenka rastline.\r\n\r\nNi primerno za u\u017eivanje!\r\n<div id=\"simple-translate\" class=\"simple-translate-light-theme\">\r\n<div>\r\n<div class=\"simple-translate-button isShow\" style=\"height: 22px;width: 22px;top: 62px;left: 191px\"><\/div>\r\n<div class=\"simple-translate-panel \" style=\"width: 300px;height: 200px;top: 0px;left: 0px;font-size: 13px\">\r\n<div class=\"simple-translate-result-wrapper\" style=\"overflow: hidden\">\r\n<div class=\"simple-translate-move\"><\/div>\r\n<div class=\"simple-translate-result-contents\">\r\n<p class=\"simple-translate-candidate\" dir=\"auto\"><\/p>\r\n\r\n<\/div>\r\n<\/div>\r\n<\/div>\r\n<\/div>\r\n<\/div>","_et_gb_content_width":""},"product_brand":[],"product_cat":[431,415,416,418,419,428,421,422,423,124,228,225,224,215,226,223,216,59],"product_tag":[323,324,180,325,326,39,40,27,28,29],"class_list":{"0":"post-255267","1":"product","2":"type-product","3":"status-publish","4":"has-post-thumbnail","6":"product_cat-baby-rastline-2","7":"product_cat-rastline-za-dnevno-sobo","8":"product_cat-rastline-za-kopalnico","9":"product_cat-rastline-za-pisarno","10":"product_cat-rastline-za-spalnico","11":"product_cat-redke-rastline","12":"product_cat-roza-rastline","13":"product_cat-rastline","14":"product_cat-variegirane-rastline","15":"product_cat-alocasia","16":"product_cat-baby-size-plants","17":"product_cat-bathroom-plants","18":"product_cat-bedroom-plants","19":"product_cat-houseplants","20":"product_cat-kids-room","21":"product_cat-livingroom-plants","22":"product_cat-rare-plants","23":"product_cat-variegated-plants","24":"product_tag-alocasia-polly","25":"product_tag-alocasia-polly-variegata","26":"product_tag-alokazija","27":"product_tag-alokazija-polly-variegata","28":"product_tag-polly-variegata","29":"product_tag-redke-rastline","30":"product_tag-redke-rastline-nakup","31":"product_tag-sobne-rastline","32":"product_tag-sobne-rastline-nakup","33":"product_tag-spletna-cvetlicarna","35":"first","36":"instock","37":"taxable","38":"shipping-taxable","39":"purchasable","40":"product-type-simple"},"jetpack_sharing_enabled":true,"_links":{"self":[{"href":"https:\/\/onlyplants.eu\/it\/wp-json\/wp\/v2\/product\/255267","targetHints":{"allow":["GET"]}}],"collection":[{"href":"https:\/\/onlyplants.eu\/it\/wp-json\/wp\/v2\/product"}],"about":[{"href":"https:\/\/onlyplants.eu\/it\/wp-json\/wp\/v2\/types\/product"}],"replies":[{"embeddable":true,"href":"https:\/\/onlyplants.eu\/it\/wp-json\/wp\/v2\/comments?post=255267"}],"wp:featuredmedia":[{"embeddable":true,"href":"https:\/\/onlyplants.eu\/it\/wp-json\/wp\/v2\/media\/255264"}],"wp:attachment":[{"href":"https:\/\/onlyplants.eu\/it\/wp-json\/wp\/v2\/media?parent=255267"}],"wp:term":[{"taxonomy":"product_brand","embeddable":true,"href":"https:\/\/onlyplants.eu\/it\/wp-json\/wp\/v2\/product_brand?post=255267"},{"taxonomy":"product_cat","embeddable":true,"href":"https:\/\/onlyplants.eu\/it\/wp-json\/wp\/v2\/product_cat?post=255267"},{"taxonomy":"product_tag","embeddable":true,"href":"https:\/\/onlyplants.eu\/it\/wp-json\/wp\/v2\/product_tag?post=255267"}],"curies":[{"name":"wp","href":"https:\/\/api.w.org\/{rel}","templated":true}]}}