{"id":256169,"date":"2025-11-19T15:31:42","date_gmt":"2025-11-19T15:31:42","guid":{"rendered":"https:\/\/onlyplants.eu\/product\/dischidia-platyphylla-l\/"},"modified":"2026-03-03T13:20:56","modified_gmt":"2026-03-03T13:20:56","slug":"dischidia-platyphylla-l","status":"publish","type":"product","link":"https:\/\/onlyplants.eu\/fr\/produit\/dischidia-platyphylla-l\/","title":{"rendered":"Dischidia &#8216;Platyphylla&#8217; (L)"},"content":{"rendered":"<p>[et_pb_section fb_built=&#8221;1&#8243; _builder_version=&#8221;4.16&#8243; background_color=&#8221;#e0e0e0&#8243; custom_padding=&#8221;0px||||false|false&#8221; global_colors_info=&#8221;{}&#8221;][et_pb_row _builder_version=&#8221;4.16&#8243; background_size=&#8221;initial&#8221; background_position=&#8221;top_left&#8221; background_repeat=&#8221;repeat&#8221; width=&#8221;100%&#8221; custom_padding=&#8221;0px||0px||false|false&#8221; global_colors_info=&#8221;{}&#8221;][et_pb_column type=&#8221;4_4&#8243; _builder_version=&#8221;4.16&#8243; custom_padding=&#8221;|||&#8221; global_colors_info=&#8221;{}&#8221; custom_padding__hover=&#8221;|||&#8221;][et_pb_wc_cart_notice _builder_version=&#8221;4.16&#8243; title_font=&#8221;Arial|300|||||||&#8221; title_text_color=&#8221;#29c67d&#8221; title_font_size=&#8221;17px&#8221; background_color=&#8221;RGBA(0,0,0,0)&#8221; custom_button=&#8221;on&#8221; button_text_size=&#8221;15px&#8221; button_text_color=&#8221;#000000&#8243; button_bg_color=&#8221;RGBA(0,0,0,0)&#8221; button_border_color=&#8221;#000000&#8243; button_border_radius=&#8221;3px&#8221; body_font=&#8221;Arial|300|||||||&#8221; body_text_color=&#8221;#29c67d&#8221; body_font_size=&#8221;17px&#8221; global_colors_info=&#8221;{}&#8221;][\/et_pb_wc_cart_notice][et_pb_wc_breadcrumb _builder_version=&#8221;4.16&#8243; _module_preset=&#8221;default&#8221; global_colors_info=&#8221;{}&#8221;][\/et_pb_wc_breadcrumb][\/et_pb_column][\/et_pb_row][et_pb_row column_structure=&#8221;1_2,1_2&#8243; _builder_version=&#8221;4.16&#8243; background_size=&#8221;initial&#8221; background_position=&#8221;top_left&#8221; background_repeat=&#8221;repeat&#8221; width=&#8221;100%&#8221; custom_padding=&#8221;0px||||false|false&#8221; locked=&#8221;off&#8221; global_colors_info=&#8221;{}&#8221;][et_pb_column type=&#8221;1_2&#8243; _builder_version=&#8221;4.16&#8243; custom_padding=&#8221;|||&#8221; global_colors_info=&#8221;{}&#8221; custom_padding__hover=&#8221;|||&#8221;][et_pb_wc_images _builder_version=&#8221;4.16&#8243; global_colors_info=&#8221;{}&#8221;][\/et_pb_wc_images][\/et_pb_column][et_pb_column type=&#8221;1_2&#8243; _builder_version=&#8221;4.16&#8243; custom_padding=&#8221;|||&#8221; global_colors_info=&#8221;{}&#8221; custom_padding__hover=&#8221;|||&#8221;][et_pb_wc_title _builder_version=&#8221;4.16&#8243; header_font=&#8221;Raleway|800|||||||&#8221; custom_padding=&#8221;19px||||false|false&#8221; global_colors_info=&#8221;{}&#8221;][\/et_pb_wc_title][et_pb_wc_price _builder_version=&#8221;4.16&#8243; body_font=&#8221;Raleway|700|||||||&#8221; body_text_color=&#8221;#1C7C54&#8243; body_font_size=&#8221;33px&#8221; global_colors_info=&#8221;{}&#8221;][\/et_pb_wc_price][et_pb_wc_description _builder_version=&#8221;4.16&#8243; body_font=&#8221;Raleway||||||||&#8221; body_font_size=&#8221;16px&#8221; body_line_height=&#8221;1.8em&#8221; global_colors_info=&#8221;{}&#8221;][\/et_pb_wc_description][et_pb_wc_add_to_cart show_stock=&#8221;off&#8221; _builder_version=&#8221;4.16&#8243; fields_background_color=&#8221;RGBA(0,0,0,0)&#8221; fields_text_color=&#8221;#000000&#8243; fields_focus_background_color=&#8221;#1C7C54&#8243; fields_focus_text_color=&#8221;#000000&#8243; dropdown_menus_background_color=&#8221;RGBA(0,0,0,0)&#8221; field_label_font=&#8221;Raleway|500|||||||&#8221; field_label_text_color=&#8221;#000000&#8243; field_label_font_size=&#8221;20px&#8221; field_label_letter_spacing=&#8221;36px&#8221; field_label_line_height=&#8221;2.2em&#8221; fields_font=&#8221;Raleway|100|||||||&#8221; fields_font_size=&#8221;27px&#8221; dropdown_menus_font=&#8221;|300|||||||&#8221; custom_button=&#8221;on&#8221; button_text_size=&#8221;18px&#8221; button_text_color=&#8221;#1C7C54&#8243; button_bg_color=&#8221;rgba(28,124,84,0.11)&#8221; button_border_width=&#8221;0px&#8221; button_border_radius=&#8221;15px&#8221; button_letter_spacing=&#8221;3px&#8221; button_font=&#8221;|700|||||||&#8221; button_use_icon=&#8221;off&#8221; button_custom_padding=&#8221;10px|49px|39px|49px|false|true&#8221; height=&#8221;100px&#8221; body_font=&#8221;Raleway|500|||||||&#8221; body_text_color=&#8221;#000000&#8243; body_font_size=&#8221;20px&#8221; body_letter_spacing=&#8221;36px&#8221; body_line_height=&#8221;2.2em&#8221; global_colors_info=&#8221;{}&#8221;][\/et_pb_wc_add_to_cart][et_pb_text _builder_version=&#8221;4.16&#8243; _module_preset=&#8221;default&#8221; text_font=&#8221;Raleway||||||||&#8221; global_colors_info=&#8221;{}&#8221;]Okrasni lon\u010dek ni vklju\u010den<br \/>\n[\/et_pb_text][et_pb_wc_meta _builder_version=&#8221;4.16&#8243; body_text_color=&#8221;#878787&#8243; global_colors_info=&#8221;{}&#8221;][\/et_pb_wc_meta][\/et_pb_column][\/et_pb_row][et_pb_row column_structure=&#8221;1_2,1_2&#8243; _builder_version=&#8221;4.16&#8243; _module_preset=&#8221;default&#8221; global_colors_info=&#8221;{}&#8221;][et_pb_column type=&#8221;1_2&#8243; _builder_version=&#8221;4.16&#8243; _module_preset=&#8221;default&#8221; global_colors_info=&#8221;{}&#8221;][et_pb_toggle title=&#8221;Opis&#8221; icon_color=&#8221;RGBA(0,0,0,0)&#8221; open_icon_color=&#8221;RGBA(0,0,0,0)&#8221; _builder_version=&#8221;4.16&#8243; _module_preset=&#8221;default&#8221; title_text_color=&#8221;#939393&#8243; title_font=&#8221;|700|||||||&#8221; title_text_align=&#8221;right&#8221; background_color=&#8221;RGBA(0,0,0,0)&#8221; border_color_all=&#8221;#000000&#8243; border_width_top=&#8221;3px&#8221; border_color_top=&#8221;#cccccc&#8221; border_width_right=&#8221;0px&#8221; border_width_bottom=&#8221;0px&#8221; border_width_left=&#8221;0px&#8221; global_colors_info=&#8221;{}&#8221;]Lorem ipsum dolor sit amet, consectetur adipiscing elit, sed do eiusmod tempor incididunt ut labore et dolore magna aliqua. Ut enim ad minim veniam, quis nostrud exercitation ullamco laboris nisi ut aliquip ex ea commodo consequat. Duis aute irure dolor in reprehenderit in voluptate velit esse cillum dolore eu fugiat nulla pariatur. Excepteur sint occaecat cupidatat non proident, sunt in culpa qui officia deserunt mollit anim id est laborum.[\/et_pb_toggle][\/et_pb_column][et_pb_column type=&#8221;1_2&#8243; _builder_version=&#8221;4.16&#8243; _module_preset=&#8221;default&#8221; global_colors_info=&#8221;{}&#8221;][et_pb_toggle title=&#8221;Opozorilo&#8221; icon_color=&#8221;RGBA(0,0,0,0)&#8221; open_icon_color=&#8221;RGBA(0,0,0,0)&#8221; _builder_version=&#8221;4.16&#8243; _module_preset=&#8221;default&#8221; title_text_color=&#8221;#fb8500&#8243; title_font=&#8221;|700|||||||&#8221; background_color=&#8221;RGBA(0,0,0,0)&#8221; border_width_all=&#8221;0px&#8221; border_width_top=&#8221;3px&#8221; border_color_top=&#8221;#d1d1d1&#8243; global_colors_info=&#8221;{}&#8221;]Your content goes here. Edit or remove this text inline or in the module Content settings. You can also style every aspect of this content in the module Design settings and even apply custom CSS to this text in the module Advanced settings.<br \/>\n[\/et_pb_toggle][\/et_pb_column][\/et_pb_row][\/et_pb_section]<\/p>","protected":false},"excerpt":{"rendered":"<p>Dischidia &#8216;Platyphylla&#8217; je enostavna vise\u010da rastlina z mesnatimi, plo\u0161\u010datimi listi. V naravi je epifidna rastlina &#8211; raste na drevesnem deblu in ne mara pretirano zemlje. Ohrani jo na svetlem, kjer jo lahko pobo\u017eajo son\u010dni \u017earki in zalij, ko je zemlja skoraj popolnoma suha. Do tebe bo prispela z dodatno kljukico, ki jo lahko pritrdi\u0161 na lon\u010dek in jo obesi\u0161 pod strop. Zraste lahko do vi\u0161ine 1 m. Dischidia je sicer relativno nezahtevna rastlina, \u010de pa pride do te\u017eav, si lahko pomaga\u0161 z informacijami spodaj.<\/p>\n<p>&nbsp;<\/p>\n<p>Presadi v <a href=\"https:\/\/onlyplants.si\/product\/mesanica-zemlje-tropical-za-tropske-rastline-3l-ali-10-l\/\">Me\u0161anica zemlje Tropical<\/a><\/p>\n<p>&nbsp;<\/p>\n<p><strong>Premer lon\u010dka:<\/strong>\u00a0<strong>15 cm<\/strong><\/p>\n<p><strong>Vi\u0161ina rastline z lon\u010dkom: 30 cm<\/strong><\/p>\n<p>&nbsp;<\/p>\n<p>Ve\u010d o negi si preberi spodaj.<\/p>","protected":false},"featured_media":256168,"comment_status":"closed","ping_status":"closed","template":"","meta":{"_et_pb_use_builder":"on","_et_pb_old_content":"<h3><strong>Nega Dischidie\r\n<\/strong><\/h3>\r\n<strong>Splo\u0161ne zna\u010dilnosti<\/strong>\r\n<ul>\r\n \t<li><strong>Velikost<\/strong>: Obi\u010dajno dose\u017ee vi\u0161ino do 100 cm<\/li>\r\n \t<li><strong>Rast<\/strong>: Vise\u010da rastlina ali vzpenjalka s tankimi stebli in mesnatimi listi.<\/li>\r\n \t<li><strong>cvet<\/strong>: Drobceni, beli do rumenkasti cvetovi, ki imajo blag vonj, a niso izraziti.<\/li>\r\n<\/ul>\r\n&nbsp;\r\n\r\n<strong>Svetloba<\/strong>\r\n\r\nSvetla indirektna svetloba. Prenese nekaj neposredne jutranje son\u010dne svetlobe, vendar lahko mo\u010dno sonce po\u0161koduje liste\r\n\r\n&nbsp;\r\n\r\n<strong>Zra\u010dna vla\u017enosti<\/strong>\r\n\r\nObo\u017euje vi\u0161jo vlago (50\u201370 %), vendar se prilagodi tudi obi\u010dajnim sobnim razmeram.\r\n\r\n&nbsp;\r\n\r\n<strong>Zemlja in zalivanje<\/strong>\r\n\r\nPotrebuje zra\u010dno zemljo in dobro odcedno zemljo. Rastlina bo hvale\u017ena, \u010de jo zalijemo, ko se zemlja popolnoma izsu\u0161i. Izognimo se prekomernem zalivanju, ki lahko povzro\u010di gnitje korenin. Pozimi zalivamo \u0161e enkrat manj kot poleti v \u010dasu rasti.\r\n\r\n\u0160e nima\u0161 zemlje?\u00a0<a href=\"https:\/\/onlyplants.si\/product\/mesanica-zemlje-tropical-za-tropske-rastline-3l-ali-10-l\/\">Me\u0161anica zemlje Tropical <\/a>je najbolj primerna za to rastlino!\r\n\r\n&nbsp;\r\n\r\n<strong>Toksi\u010dnost<\/strong>\r\n\r\nJe blago toksi\u010dna ob zau\u017eitju.\r\n\r\n&nbsp;\r\n\r\n<strong>Pogoste te\u017eave in re\u0161itve<\/strong>\r\n\r\n<strong>1. Rumenenje listov :<\/strong> najve\u010dkrat posledica su\u0161e, \u010de je zemlja mokra pa je pri\u0161lo do gnitja korenin, ki zaradi po\u0161kodbe ne morejo srkati vode iz zemlje. \u010ce je zemlja suha, rastlino zalij in \u010de je zemlja vla\u017ena, odstrani po\u0161kodovane korenine in presadi rastlino v novo sve\u017eo me\u0161anico zemlje. Pazi, da lon\u010dek ne bo prevelik, ker to ve\u010dkrat \u0161koduje rastlini, razen v primeru, ko se zelo hitro izsu\u0161i in korenine \u017ee kukajo izpod luknjic v lon\u010dku. Ve\u010d o presajanju, kak\u0161no zemljo in lonec izbrati, lahko prebere\u0161 <a href=\"https:\/\/onlyplants.si\/kako-presaditi-sobne-rastline\/\">v tem \u010dlanku.<\/a>\r\n<p data-start=\"520\" data-end=\"571\"><strong>2. Gola stebla brez listov :<\/strong> listi najve\u010dkrat odpadejo zaradi inkonsistence pri zalivanju, ali po\u0161kodb \u0161kodljivcev. Odre\u017ei vejo in jo ponovno ukorenini v vodi. Iz odrezanega dela bo rastlina pognala novo vejo, sve\u017ee ukoreninjeno vejo pa lahko ponovno vsadi\u0161 v lon\u010dek.<\/p>\r\n<p data-start=\"520\" data-end=\"571\"><strong>3. Listi opadajo pri bazi :<\/strong> primanjkovanje svetlobe - postavi rastlino na bolj svetlo mesto.<\/p>\r\n<p data-start=\"520\" data-end=\"571\"><strong>4. Bledenje listov :<\/strong> primanjkovanje hranil - uporabi blago NPK gnojilo 1 na mesec ali v zelo razred\u010deni koli\u010dini pri vsakem zalivanju v obdobju rasti. Bledenje listov lahko povzro\u010di tudi prevelika koli\u010dina svetlobe.<\/p>\r\n<p data-start=\"520\" data-end=\"571\"><strong>5. Pogosti \u0161kodljivci<\/strong>: Ta rastlina je odporna na \u0161kodljivce, lahko pa se pojavi: Pr\u0161ica in thripsi : lepljivi listi z diskoloracijo, drobne paj\u010devine na listih in majhne \u017eu\u017eelke. Ve\u010d o \u0161kodljivcih si lahko prebere\u0161 <a href=\"https:\/\/onlyplants.si\/skodljivci-resarji-thrips\/\">v tem \u010dlanku<\/a>.<\/p>\r\n<p data-start=\"520\" data-end=\"571\">\u00a0 \u00a0 \u00a0 \u00a0 \u00a0 \u00a0 \u00a0 \u00a0 \u00a0 \u00a0 \u00a0 \u00a0 \u00a0 ...ima\u0161 kak\u0161ne druge te\u017eave? Z veseljem ti pomagamo! Po\u0161lji fotografije in opis te\u017eave na <a href=\"mailto:info@onlyplants.si\">info@onlyplants.si<\/a> ali na na\u0161 Instagram: Onlyplants.si.<\/p>\r\n&nbsp;\r\n\r\n<strong>Opozorilo!<\/strong> Slike so simboli\u010dne. Najverjetneje ne boste prejeli ravno te rastline, ki jih vidite na fotografijah. Cena lon\u010dka ni vklju\u010dena v navedeno ceno rastline. Ker so rastline unikatna naravna bitja lahko pri\u010dakujete tudi odstopanja pri velikosti rastline, velikosti in koli\u010dini listov na posamezni rastlini in manj\u0161a odstopanja glede odtenka rastline.\r\n\r\nNi primerno za u\u017eivanje!","_et_gb_content_width":""},"product_brand":[],"product_cat":[414,426,427,415,416,417,418,419,420,428,623,422,458,475,219,225,224,58,215,226,231,223,218,216],"product_tag":[36,156,39,27,28,29,313],"class_list":{"0":"post-256169","1":"product","2":"type-product","3":"status-publish","4":"has-post-thumbnail","6":"product_cat-l-rastline","7":"product_cat-ljubljenckom-prijazne-rastline","8":"product_cat-neunicljive-rastline","9":"product_cat-rastline-za-dnevno-sobo","10":"product_cat-rastline-za-kopalnico","11":"product_cat-rastline-za-otrosko-sobo","12":"product_cat-rastline-za-pisarno","13":"product_cat-rastline-za-spalnico","14":"product_cat-rastline-ki-ciscijo-zrak","15":"product_cat-redke-rastline","16":"product_cat-sale-products","17":"product_cat-rastline","18":"product_cat-visece-rastline","19":"product_cat-znizanje","20":"product_cat-air-purifying-plants","21":"product_cat-bathroom-plants","22":"product_cat-bedroom-plants","23":"product_cat-hanging-plants","24":"product_cat-houseplants","25":"product_cat-kids-room","26":"product_cat-l-size-plants","27":"product_cat-livingroom-plants","28":"product_cat-pet-friendly-plants","29":"product_cat-rare-plants","30":"product_tag-neunicljive-rastline","31":"product_tag-onlyplants","32":"product_tag-redke-rastline","33":"product_tag-sobne-rastline","34":"product_tag-sobne-rastline-nakup","35":"product_tag-spletna-cvetlicarna","36":"product_tag-visece-rastline","38":"first","39":"outofstock","40":"taxable","41":"shipping-taxable","42":"purchasable","43":"product-type-simple"},"jetpack_sharing_enabled":true,"_links":{"self":[{"href":"https:\/\/onlyplants.eu\/fr\/wp-json\/wp\/v2\/product\/256169","targetHints":{"allow":["GET"]}}],"collection":[{"href":"https:\/\/onlyplants.eu\/fr\/wp-json\/wp\/v2\/product"}],"about":[{"href":"https:\/\/onlyplants.eu\/fr\/wp-json\/wp\/v2\/types\/product"}],"replies":[{"embeddable":true,"href":"https:\/\/onlyplants.eu\/fr\/wp-json\/wp\/v2\/comments?post=256169"}],"wp:featuredmedia":[{"embeddable":true,"href":"https:\/\/onlyplants.eu\/fr\/wp-json\/wp\/v2\/media\/256168"}],"wp:attachment":[{"href":"https:\/\/onlyplants.eu\/fr\/wp-json\/wp\/v2\/media?parent=256169"}],"wp:term":[{"taxonomy":"product_brand","embeddable":true,"href":"https:\/\/onlyplants.eu\/fr\/wp-json\/wp\/v2\/product_brand?post=256169"},{"taxonomy":"product_cat","embeddable":true,"href":"https:\/\/onlyplants.eu\/fr\/wp-json\/wp\/v2\/product_cat?post=256169"},{"taxonomy":"product_tag","embeddable":true,"href":"https:\/\/onlyplants.eu\/fr\/wp-json\/wp\/v2\/product_tag?post=256169"}],"curies":[{"name":"wp","href":"https:\/\/api.w.org\/{rel}","templated":true}]}}